{"id":14,"date":"2025-02-27T15:45:17","date_gmt":"2025-02-27T15:45:17","guid":{"rendered":"https:\/\/doktor-bonk.de\/?page_id=14"},"modified":"2026-01-20T13:03:47","modified_gmt":"2026-01-20T13:03:47","slug":"ueber","status":"publish","type":"page","link":"https:\/\/doktor-bonk.de\/index.php\/ueber\/","title":{"rendered":"\u00dcber mich"},"content":{"rendered":"\n<div class=\"wp-block-cover alignfull\" style=\"min-height:320px;aspect-ratio:unset;\"><span aria-hidden=\"true\" class=\"wp-block-cover__background has-nv-site-bg-background-color has-background-dim-100 has-background-dim\"><\/span><div class=\"wp-block-cover__inner-container is-layout-flow wp-block-cover-is-layout-flow\">\n<div class=\"wp-block-group\" style=\"padding-right:var(--wp--preset--spacing--30);padding-left:var(--wp--preset--spacing--30)\"><div class=\"wp-block-group__inner-container is-layout-flow wp-block-group-is-layout-flow\">\n<h1 class=\"wp-block-heading has-text-align-left has-nv-c-1-color has-text-color\">Dr. med. Anja Bonk \u2013 Fach\u00e4rztin f\u00fcr Allgemeinmedizin mit Herz und ganzheitlichem Blick<\/h1>\n<\/div><\/div>\n<\/div><\/div>\n\n\n\n<p>Mein Name ist Dr. med. Anja Bonk, ich bin Fach\u00e4rztin f\u00fcr Allgemeinmedizin und habe mich auf nat\u00fcrliche Hormontherapie, Akupunktur und Mikron\u00e4hrstoffmedizin spezialisiert. Meine medizinische Laufbahn begann mit dem Studium in Ulm, gefolgt von meiner Facharztweiterbildung am Klinikum Augsburg, Krankenhaus St. Elisabeth Dillingen und in der Gemeinschaftspraxis Buttenwiesen, die ich 2018 erfolgreich abgeschlossen habe.<\/p>\n\n\n\n<p>Doch mit der Zeit wurde mir klar, dass die klassische Schulmedizin nicht in allen Situationen ausreicht. Pers\u00f6nliche Erlebnisse und die Erfahrung, dass viele Beschwerden nicht allein mit konventionellen Methoden gel\u00f6st werden k\u00f6nnen, f\u00fchrten mich zur Komplement\u00e4rmedizin.<\/p>\n\n\n\n<div class=\"wp-block-cover alignfull\" style=\"min-height:600px;aspect-ratio:unset;\"><span aria-hidden=\"true\" class=\"wp-block-cover__background has-nv-light-bg-background-color has-background-dim-100 has-background-dim\"><\/span><div class=\"wp-block-cover__inner-container is-layout-flow wp-block-cover-is-layout-flow\">\n<div class=\"wp-block-group\"><div class=\"wp-block-group__inner-container is-layout-flow wp-block-group-is-layout-flow\">\n<div style=\"height:80px\" aria-hidden=\"true\" class=\"wp-block-spacer\"><\/div>\n\n\n\n<div class=\"wp-block-columns are-vertically-aligned-center has-neve-text-color-color has-text-color is-layout-flex wp-container-core-columns-is-layout-9d6595d7 wp-block-columns-is-layout-flex\">\n<div class=\"wp-block-column is-vertically-aligned-center is-layout-flow wp-block-column-is-layout-flow\" style=\"padding-right:var(--wp--preset--spacing--30);padding-left:var(--wp--preset--spacing--30);flex-basis:50%\">\n<figure class=\"wp-block-image size-full has-custom-border\"><img loading=\"lazy\" decoding=\"async\" width=\"560\" height=\"560\" src=\"https:\/\/doktor-bonk.de\/wp-content\/uploads\/2025\/03\/1180-Dr.png\" alt=\"\" class=\"wp-image-208\" style=\"border-radius:16px\" srcset=\"https:\/\/doktor-bonk.de\/wp-content\/uploads\/2025\/03\/1180-Dr.png 560w, https:\/\/doktor-bonk.de\/wp-content\/uploads\/2025\/03\/1180-Dr-300x300.png 300w, https:\/\/doktor-bonk.de\/wp-content\/uploads\/2025\/03\/1180-Dr-150x150.png 150w\" sizes=\"auto, (max-width: 560px) 100vw, 560px\" \/><\/figure>\n<\/div>\n\n\n\n<div class=\"wp-block-column is-vertically-aligned-center is-layout-flow wp-block-column-is-layout-flow\" style=\"padding-top:0;padding-right:var(--wp--preset--spacing--30);padding-bottom:0;padding-left:var(--wp--preset--spacing--30);flex-basis:50%\">\n<h2 class=\"wp-block-heading has-neve-text-color-color has-text-color\">Mein Weg zur ganzheitlichen Medizin<\/h2>\n\n\n\n<p>Nach der Geburt meiner zwei Kinder hatte ich selbst mit hormonellen Problemen zu k\u00e4mpfen \u2013 und musste feststellen, dass mir meine Gyn\u00e4kologin keine wirkliche L\u00f6sung anbieten konnte. Diese Erfahrung brachte mich dazu, mich intensiv mit bioidentischer Hormontherapie zu besch\u00e4ftigen. Ich habe mich durch Seminare bei Dr. Annelie F. Scheuernstuhl und Marianne Krug umfassend fortgebildet und mein Wissen durch eine vertiefte Auseinandersetzung mit Mikron\u00e4hrstoffmedizin erg\u00e4nzt, unter anderem durch Seminare bei Uwe Gr\u00f6bner.<\/p>\n\n\n\n<p>Parallel dazu habe ich meine Ausbildung in der Akupunktur absolviert und 2024 die Zusatzbezeichnung Akupunktur bei der Bayerischen Landes\u00e4rztekammer (BL\u00c4K) erworben. Besonders die Kombination aus Akupunktur, Hormon- und Mikron\u00e4hrstofftherapie erm\u00f6glicht es mir, meine Patientinnen auf mehreren Ebenen zu unterst\u00fctzen \u2013 individuell, fundiert und nachhaltig.<\/p>\n<\/div>\n<\/div>\n\n\n\n<div style=\"height:40px\" aria-hidden=\"true\" class=\"wp-block-spacer\"><\/div>\n<\/div><\/div>\n<\/div><\/div>\n\n\n\n<div class=\"wp-block-cover alignfull\" style=\"min-height:600px;aspect-ratio:unset;\"><span aria-hidden=\"true\" class=\"wp-block-cover__background has-nv-light-bg-background-color has-background-dim-100 has-background-dim\"><\/span><div class=\"wp-block-cover__inner-container is-layout-flow wp-block-cover-is-layout-flow\">\n<div class=\"wp-block-group\"><div class=\"wp-block-group__inner-container is-layout-flow wp-block-group-is-layout-flow\">\n<div style=\"height:80px\" aria-hidden=\"true\" class=\"wp-block-spacer\"><\/div>\n\n\n\n<div class=\"wp-block-columns are-vertically-aligned-center has-neve-text-color-color has-text-color is-layout-flex wp-container-core-columns-is-layout-9d6595d7 wp-block-columns-is-layout-flex\">\n<div class=\"wp-block-column is-vertically-aligned-center is-layout-flow wp-block-column-is-layout-flow\" style=\"padding-right:var(--wp--preset--spacing--30);padding-left:var(--wp--preset--spacing--30);flex-basis:50%\">\n<h2 class=\"wp-block-heading\">Mein Behandlungsansatz<\/h2>\n\n\n\n<p>Mir ist es wichtig, Medizin mit Zeit, Empathie und wissenschaftlicher Tiefe zu praktizieren. In meiner Privatpraxis kann ich genau diesen Ansatz verfolgen: Ich nehme mir Zeit f\u00fcr meine Patientinnen, h\u00f6re aufmerksam zu und entwickle ein individuelles Therapiekonzept, das sowohl schulmedizinische als auch komplement\u00e4re und funktionelle Medizin einbezieht.<\/p>\n\n\n\n<p>Ein besonderer Schwerpunkt meiner Arbeit liegt auf der Pr\u00e4vention \u2013 ein Bereich, der in vielen Praxen oft zu kurz kommt. Mein Ziel ist es, nicht nur Symptome zu lindern, sondern die Ursachen zu erkennen und aktiv zu behandeln. Dabei lege ich gro\u00dfen Wert auf die Mitarbeit meiner Patientinnen, denn Gesundheit ist ein Zusammenspiel aus medizinischer Behandlung und einer bewussten Lebensf\u00fchrung.<\/p>\n<\/div>\n\n\n\n<div class=\"wp-block-column is-vertically-aligned-center is-layout-flow wp-block-column-is-layout-flow\" style=\"padding-top:0;padding-right:var(--wp--preset--spacing--30);padding-bottom:0;padding-left:var(--wp--preset--spacing--30);flex-basis:50%\">\n<figure class=\"wp-block-image size-full is-resized has-custom-border\"><img loading=\"lazy\" decoding=\"async\" width=\"1024\" height=\"1024\" src=\"https:\/\/doktor-bonk.de\/wp-content\/uploads\/2025\/03\/DALL\u00b7E-2025-03-08-16.54.47-A-serene-and-elegant-illustration-representing-meridians-in-Traditional-Chinese-Medicine-TCM.-The-artwork-features-a-graceful-female-silhouette-with.webp\" alt=\"\" class=\"wp-image-118\" style=\"border-radius:16px;width:560px;height:auto\" srcset=\"https:\/\/doktor-bonk.de\/wp-content\/uploads\/2025\/03\/DALL\u00b7E-2025-03-08-16.54.47-A-serene-and-elegant-illustration-representing-meridians-in-Traditional-Chinese-Medicine-TCM.-The-artwork-features-a-graceful-female-silhouette-with.webp 1024w, https:\/\/doktor-bonk.de\/wp-content\/uploads\/2025\/03\/DALL\u00b7E-2025-03-08-16.54.47-A-serene-and-elegant-illustration-representing-meridians-in-Traditional-Chinese-Medicine-TCM.-The-artwork-features-a-graceful-female-silhouette-with-300x300.webp 300w, https:\/\/doktor-bonk.de\/wp-content\/uploads\/2025\/03\/DALL\u00b7E-2025-03-08-16.54.47-A-serene-and-elegant-illustration-representing-meridians-in-Traditional-Chinese-Medicine-TCM.-The-artwork-features-a-graceful-female-silhouette-with-150x150.webp 150w, https:\/\/doktor-bonk.de\/wp-content\/uploads\/2025\/03\/DALL\u00b7E-2025-03-08-16.54.47-A-serene-and-elegant-illustration-representing-meridians-in-Traditional-Chinese-Medicine-TCM.-The-artwork-features-a-graceful-female-silhouette-with-768x768.webp 768w\" sizes=\"auto, (max-width: 1024px) 100vw, 1024px\" \/><\/figure>\n<\/div>\n<\/div>\n\n\n\n<div style=\"height:40px\" aria-hidden=\"true\" class=\"wp-block-spacer\"><\/div>\n<\/div><\/div>\n<\/div><\/div>\n\n\n\n<div class=\"wp-block-cover alignfull\" style=\"min-height:600px;aspect-ratio:unset;\"><span aria-hidden=\"true\" class=\"wp-block-cover__background has-nv-c-2-background-color has-background-dim-100 has-background-dim\"><\/span><div class=\"wp-block-cover__inner-container is-layout-flow wp-block-cover-is-layout-flow\">\n<div class=\"wp-block-group\"><div class=\"wp-block-group__inner-container is-layout-flow wp-block-group-is-layout-flow\">\n<div style=\"height:80px\" aria-hidden=\"true\" class=\"wp-block-spacer\"><\/div>\n\n\n\n<div class=\"wp-block-columns are-vertically-aligned-center is-layout-flex wp-container-core-columns-is-layout-9d6595d7 wp-block-columns-is-layout-flex\">\n<div class=\"wp-block-column is-vertically-aligned-center is-layout-flow wp-block-column-is-layout-flow\" style=\"padding-right:var(--wp--preset--spacing--30);padding-left:var(--wp--preset--spacing--30);flex-basis:100%\">\n<h2 class=\"wp-block-heading has-nv-text-dark-bg-color has-text-color\"><strong>Mein Leitspruch<\/strong><\/h2>\n\n\n\n<p class=\"has-large-font-size\"><em>&#8222;Da K\u00f6rper, Geist und Seele eine Einheit sind, muss Gesundheit ganzheitlich gedacht werden. Daher vereine ich die klassische Schulmedizin, die Komplement\u00e4rmedizin und die moderne Funktionelle Medizin, um das Beste f\u00fcr Ihre Gesundheit zu erreichen.&#8220;<\/em><\/p>\n\n\n\n<p>Dr. med. Anja Bonk<\/p>\n<\/div>\n<\/div>\n<\/div><\/div>\n<\/div><\/div>\n\n\n\n<div class=\"wp-block-cover alignfull\" style=\"min-height:600px;aspect-ratio:unset;\"><span aria-hidden=\"true\" class=\"wp-block-cover__background has-nv-light-bg-background-color has-background-dim-100 has-background-dim\"><\/span><div class=\"wp-block-cover__inner-container is-layout-flow wp-block-cover-is-layout-flow\">\n<div class=\"wp-block-group\"><div class=\"wp-block-group__inner-container is-layout-flow wp-block-group-is-layout-flow\">\n<div style=\"height:31px\" aria-hidden=\"true\" class=\"wp-block-spacer\"><\/div>\n\n\n\n<div class=\"wp-block-columns is-layout-flex wp-container-core-columns-is-layout-9d6595d7 wp-block-columns-is-layout-flex\">\n<div class=\"wp-block-column is-layout-flow wp-block-column-is-layout-flow\">\n<h2 class=\"wp-block-heading has-text-align-center has-neve-text-color-color has-text-color has-link-color wp-elements-d4288b7514ec494b2162b88586e85b65\">Individuell f\u00fcr Sie!<\/h2>\n\n\n\n<p class=\"has-text-align-center has-neve-text-color-color has-text-color has-link-color wp-elements-51b2de9173c616862df17a774e47face\">Als berufst\u00e4tige Mutter zweier kleiner Kinder kenne ich die Herausforderungen des Alltags aus eigener Erfahrung und wei\u00df, wie schwierig es manchmal ist, sich selbst nicht aus den Augen zu verlieren. Umso wichtiger ist es mir, meine Patientinnen ganzheitlich zu begleiten \u2013 mit fundiertem Wissen, individuell abgestimmten Therapien und einem offenen Ohr f\u00fcr ihre Anliegen.<\/p>\n<\/div>\n<\/div>\n\n\n\n<div class=\"wp-block-columns has-nv-text-dark-bg-color has-neve-link-color-background-color has-text-color has-background has-link-color wp-elements-e077f07727310e826b9c409252d08b4e is-layout-flex wp-container-core-columns-is-layout-54bf4747 wp-block-columns-is-layout-flex\" style=\"border-radius:24px;padding-top:var(--wp--preset--spacing--70);padding-right:var(--wp--preset--spacing--70);padding-bottom:var(--wp--preset--spacing--70);padding-left:var(--wp--preset--spacing--70)\">\n<div class=\"wp-block-column is-layout-flow wp-block-column-is-layout-flow\" style=\"flex-basis:100%\">\n<p class=\"has-nv-c-1-color has-text-color has-link-color wp-elements-1f637f9cff43182d91ab15d71b1f1a0a\">Wie kann ich Ihnen helfen?<\/p>\n\n\n\n<h2 class=\"wp-block-heading has-nv-c-2-color has-text-color has-link-color has-huge-font-size wp-elements-068561f44318898bcd7c0e1cc35452f0\"><a href=\"https:\/\/www.appointmed.com\/booking\/2394638-anja-dr-bonk\" target=\"_blank\" rel=\"noreferrer noopener\">Vereinbaren Sie jetzt einen Termin!<\/a><\/h2>\n\n\n\n<p class=\"has-nv-text-dark-bg-color has-text-color has-link-color wp-elements-b5a589aa42ba56acb3d1e57449c79640\"><\/p>\n<\/div>\n\n\n\n<div class=\"wp-block-column is-layout-flow wp-block-column-is-layout-flow\" style=\"flex-basis:100%\">\n<p class=\"has-neve-link-hover-color-color has-text-color has-link-color has-medium-font-size wp-elements-83590d045f622197d335e20d49b1693b\">Erleben Sie ganzheitliche Medizin, die auf Ihre individuellen Bed\u00fcrfnisse abgestimmt ist \u2013 vereinbaren Sie jetzt einen Termin und lassen Sie uns gemeinsam den besten Weg f\u00fcr Ihr Wohlbefinden finden!<\/p>\n<\/div>\n<\/div>\n\n\n\n<div style=\"height:40px\" aria-hidden=\"true\" class=\"wp-block-spacer\"><\/div>\n<\/div><\/div>\n<\/div><\/div>\n","protected":false},"excerpt":{"rendered":"<p>Mein Name ist Dr. med. Anja Bonk, ich bin Fach\u00e4rztin f\u00fcr Allgemeinmedizin und habe mich auf nat\u00fcrliche Hormontherapie, Akupunktur und Mikron\u00e4hrstoffmedizin spezialisiert. Meine medizinische Laufbahn begann mit dem Studium in Ulm, gefolgt von meiner Facharztweiterbildung am Klinikum Augsburg, Krankenhaus St. Elisabeth Dillingen und in der Gemeinschaftspraxis Buttenwiesen, die ich 2018 erfolgreich abgeschlossen habe. Doch mit&hellip;&nbsp;<a href=\"https:\/\/doktor-bonk.de\/index.php\/ueber\/\" rel=\"bookmark\">Weiterlesen &raquo;<span class=\"screen-reader-text\">\u00dcber mich<\/span><\/a><\/p>\n","protected":false},"author":1,"featured_media":0,"parent":0,"menu_order":0,"comment_status":"closed","ping_status":"closed","template":"","meta":{"neve_meta_sidebar":"","neve_meta_container":"","neve_meta_enable_content_width":"on","neve_meta_content_width":100,"neve_meta_title_alignment":"","neve_meta_author_avatar":"","neve_post_elements_order":"","neve_meta_disable_header":"","neve_meta_disable_footer":"","neve_meta_disable_title":"on","footnotes":""},"class_list":["post-14","page","type-page","status-publish","hentry"],"_links":{"self":[{"href":"https:\/\/doktor-bonk.de\/index.php\/wp-json\/wp\/v2\/pages\/14","targetHints":{"allow":["GET"]}}],"collection":[{"href":"https:\/\/doktor-bonk.de\/index.php\/wp-json\/wp\/v2\/pages"}],"about":[{"href":"https:\/\/doktor-bonk.de\/index.php\/wp-json\/wp\/v2\/types\/page"}],"author":[{"embeddable":true,"href":"https:\/\/doktor-bonk.de\/index.php\/wp-json\/wp\/v2\/users\/1"}],"replies":[{"embeddable":true,"href":"https:\/\/doktor-bonk.de\/index.php\/wp-json\/wp\/v2\/comments?post=14"}],"version-history":[{"count":19,"href":"https:\/\/doktor-bonk.de\/index.php\/wp-json\/wp\/v2\/pages\/14\/revisions"}],"predecessor-version":[{"id":424,"href":"https:\/\/doktor-bonk.de\/index.php\/wp-json\/wp\/v2\/pages\/14\/revisions\/424"}],"wp:attachment":[{"href":"https:\/\/doktor-bonk.de\/index.php\/wp-json\/wp\/v2\/media?parent=14"}],"curies":[{"name":"wp","href":"https:\/\/api.w.org\/{rel}","templated":true}]}}