{"id":280,"date":"2025-06-03T15:21:08","date_gmt":"2025-06-03T15:21:08","guid":{"rendered":"https:\/\/doktor-bonk.de\/?page_id=280"},"modified":"2025-07-01T11:53:39","modified_gmt":"2025-07-01T11:53:39","slug":"praxisraeume","status":"publish","type":"page","link":"https:\/\/doktor-bonk.de\/index.php\/praxisraeume\/","title":{"rendered":"Die Praxis"},"content":{"rendered":"\n<h3 class=\"wp-block-heading\">Meine Praxisr\u00e4ume- historisch, harmonisch, heilsam<\/h3>\n\n\n\n<p>Seit Juni 2025 finden Sie meine Praxis in einem ganz besonderen Geb\u00e4ude: der ehemaligen Synagoge in Harburg (Schwaben). Die liebevoll sanierten R\u00e4umlichkeiten verbinden historischen Charme mit moderner Klarheit \u2013 ein Ort der Ruhe, der Achtsamkeit und der Begegnung.<\/p>\n\n\n\n<p>Mit Blick auf die idyllische W\u00f6rnitz empf\u00e4ngt Sie eine Atmosph\u00e4re, die Entschleunigung und Wohlbefinden f\u00f6rdert \u2013 genau der richtige Rahmen f\u00fcr eine ganzheitliche medizinische Begleitung. Die lichtdurchfluteten R\u00e4ume mit ihren hellen Naturt\u00f6nen spiegeln mein therapeutisches Konzept wider: individuell, fundiert und in Einklang mit K\u00f6rper, Geist und Seele.<\/p>\n\n\n\n<p>Ob in der Beratung, w\u00e4hrend einer Akupunktursitzung oder im Gespr\u00e4ch \u00fcber Ihre hormonelle Balance \u2013 ich nehme mir Zeit f\u00fcr Sie. Die besondere Umgebung unterst\u00fctzt dabei auf sanfte Weise den Weg zu mehr Gesundheit und innerer Balance.<\/p>\n\n\n\n<p>Ich freue mich, Sie in meiner neuen Praxis willkommen zu hei\u00dfen!<\/p>\n\n\n\n<div class=\"wp-block-group is-nowrap is-layout-flex wp-container-core-group-is-layout-ad2f72ca wp-block-group-is-layout-flex\">\n<figure class=\"wp-block-gallery has-nested-images columns-default is-cropped wp-block-gallery-1 is-layout-flex wp-block-gallery-is-layout-flex\">\n<figure class=\"wp-block-image size-large\"><img loading=\"lazy\" decoding=\"async\" width=\"768\" height=\"1024\" data-id=\"328\" src=\"https:\/\/doktor-bonk.de\/wp-content\/uploads\/2025\/07\/20250604_164613-768x1024.jpg\" alt=\"\" class=\"wp-image-328\" srcset=\"https:\/\/doktor-bonk.de\/wp-content\/uploads\/2025\/07\/20250604_164613-768x1024.jpg 768w, https:\/\/doktor-bonk.de\/wp-content\/uploads\/2025\/07\/20250604_164613-225x300.jpg 225w, https:\/\/doktor-bonk.de\/wp-content\/uploads\/2025\/07\/20250604_164613-1152x1536.jpg 1152w, https:\/\/doktor-bonk.de\/wp-content\/uploads\/2025\/07\/20250604_164613-1536x2048.jpg 1536w, https:\/\/doktor-bonk.de\/wp-content\/uploads\/2025\/07\/20250604_164613-scaled.jpg 1920w\" sizes=\"auto, (max-width: 768px) 100vw, 768px\" \/><\/figure>\n\n\n\n<figure class=\"wp-block-image size-large\"><img loading=\"lazy\" decoding=\"async\" width=\"768\" height=\"1024\" data-id=\"330\" src=\"https:\/\/doktor-bonk.de\/wp-content\/uploads\/2025\/07\/20250604_164622-768x1024.jpg\" alt=\"\" class=\"wp-image-330\" srcset=\"https:\/\/doktor-bonk.de\/wp-content\/uploads\/2025\/07\/20250604_164622-768x1024.jpg 768w, https:\/\/doktor-bonk.de\/wp-content\/uploads\/2025\/07\/20250604_164622-225x300.jpg 225w, https:\/\/doktor-bonk.de\/wp-content\/uploads\/2025\/07\/20250604_164622-1152x1536.jpg 1152w, https:\/\/doktor-bonk.de\/wp-content\/uploads\/2025\/07\/20250604_164622-1536x2048.jpg 1536w, https:\/\/doktor-bonk.de\/wp-content\/uploads\/2025\/07\/20250604_164622-scaled.jpg 1920w\" sizes=\"auto, (max-width: 768px) 100vw, 768px\" \/><\/figure>\n\n\n\n<figure class=\"wp-block-image size-large\"><img loading=\"lazy\" decoding=\"async\" width=\"768\" height=\"1024\" data-id=\"331\" src=\"https:\/\/doktor-bonk.de\/wp-content\/uploads\/2025\/07\/20250613_100919-1-768x1024.jpg\" alt=\"\" class=\"wp-image-331\" srcset=\"https:\/\/doktor-bonk.de\/wp-content\/uploads\/2025\/07\/20250613_100919-1-768x1024.jpg 768w, https:\/\/doktor-bonk.de\/wp-content\/uploads\/2025\/07\/20250613_100919-1-225x300.jpg 225w, https:\/\/doktor-bonk.de\/wp-content\/uploads\/2025\/07\/20250613_100919-1-1152x1536.jpg 1152w, https:\/\/doktor-bonk.de\/wp-content\/uploads\/2025\/07\/20250613_100919-1-1536x2048.jpg 1536w, https:\/\/doktor-bonk.de\/wp-content\/uploads\/2025\/07\/20250613_100919-1-scaled.jpg 1920w\" sizes=\"auto, (max-width: 768px) 100vw, 768px\" \/><\/figure>\n\n\n\n<figure class=\"wp-block-image size-large\"><img loading=\"lazy\" decoding=\"async\" width=\"768\" height=\"1024\" data-id=\"329\" src=\"https:\/\/doktor-bonk.de\/wp-content\/uploads\/2025\/07\/20250613_100857-768x1024.jpg\" alt=\"\" class=\"wp-image-329\" srcset=\"https:\/\/doktor-bonk.de\/wp-content\/uploads\/2025\/07\/20250613_100857-768x1024.jpg 768w, https:\/\/doktor-bonk.de\/wp-content\/uploads\/2025\/07\/20250613_100857-225x300.jpg 225w, https:\/\/doktor-bonk.de\/wp-content\/uploads\/2025\/07\/20250613_100857-1152x1536.jpg 1152w, https:\/\/doktor-bonk.de\/wp-content\/uploads\/2025\/07\/20250613_100857-1536x2048.jpg 1536w, https:\/\/doktor-bonk.de\/wp-content\/uploads\/2025\/07\/20250613_100857-scaled.jpg 1920w\" sizes=\"auto, (max-width: 768px) 100vw, 768px\" \/><\/figure>\n<\/figure>\n<\/div>\n\n\n\n<p><\/p>\n","protected":false},"excerpt":{"rendered":"<p>Meine Praxisr\u00e4ume- historisch, harmonisch, heilsam Seit Juni 2025 finden Sie meine Praxis in einem ganz besonderen Geb\u00e4ude: der ehemaligen Synagoge in Harburg (Schwaben). Die liebevoll sanierten R\u00e4umlichkeiten verbinden historischen Charme mit moderner Klarheit \u2013 ein Ort der Ruhe, der Achtsamkeit und der Begegnung. Mit Blick auf die idyllische W\u00f6rnitz empf\u00e4ngt Sie eine Atmosph\u00e4re, die Entschleunigung&hellip;&nbsp;<a href=\"https:\/\/doktor-bonk.de\/index.php\/praxisraeume\/\" rel=\"bookmark\">Weiterlesen &raquo;<span class=\"screen-reader-text\">Die Praxis<\/span><\/a><\/p>\n","protected":false},"author":2,"featured_media":0,"parent":0,"menu_order":0,"comment_status":"closed","ping_status":"closed","template":"","meta":{"neve_meta_sidebar":"","neve_meta_container":"","neve_meta_enable_content_width":"","neve_meta_content_width":0,"neve_meta_title_alignment":"","neve_meta_author_avatar":"","neve_post_elements_order":"","neve_meta_disable_header":"","neve_meta_disable_footer":"","neve_meta_disable_title":"","footnotes":""},"class_list":["post-280","page","type-page","status-publish","hentry"],"_links":{"self":[{"href":"https:\/\/doktor-bonk.de\/index.php\/wp-json\/wp\/v2\/pages\/280","targetHints":{"allow":["GET"]}}],"collection":[{"href":"https:\/\/doktor-bonk.de\/index.php\/wp-json\/wp\/v2\/pages"}],"about":[{"href":"https:\/\/doktor-bonk.de\/index.php\/wp-json\/wp\/v2\/types\/page"}],"author":[{"embeddable":true,"href":"https:\/\/doktor-bonk.de\/index.php\/wp-json\/wp\/v2\/users\/2"}],"replies":[{"embeddable":true,"href":"https:\/\/doktor-bonk.de\/index.php\/wp-json\/wp\/v2\/comments?post=280"}],"version-history":[{"count":6,"href":"https:\/\/doktor-bonk.de\/index.php\/wp-json\/wp\/v2\/pages\/280\/revisions"}],"predecessor-version":[{"id":335,"href":"https:\/\/doktor-bonk.de\/index.php\/wp-json\/wp\/v2\/pages\/280\/revisions\/335"}],"wp:attachment":[{"href":"https:\/\/doktor-bonk.de\/index.php\/wp-json\/wp\/v2\/media?parent=280"}],"curies":[{"name":"wp","href":"https:\/\/api.w.org\/{rel}","templated":true}]}}