{"id":356,"date":"2025-09-29T13:45:01","date_gmt":"2025-09-29T13:45:01","guid":{"rendered":"https:\/\/doktor-bonk.de\/?page_id=356"},"modified":"2025-09-29T13:45:02","modified_gmt":"2025-09-29T13:45:02","slug":"wissenschaftliche-grundlagen","status":"publish","type":"page","link":"https:\/\/doktor-bonk.de\/index.php\/wissenschaftliche-grundlagen\/","title":{"rendered":"Wissenschaftliche Grundlagen"},"content":{"rendered":"\n<div class=\"wp-block-columns is-layout-flex wp-container-core-columns-is-layout-9d6595d7 wp-block-columns-is-layout-flex\">\n<div class=\"wp-block-column has-nv-c-1-background-color has-background is-layout-flow wp-block-column-is-layout-flow\" style=\"border-radius:16px;padding-right:var(--wp--preset--spacing--60);padding-left:var(--wp--preset--spacing--60)\">\n<div style=\"height:30px\" aria-hidden=\"true\" class=\"wp-block-spacer\"><\/div>\n\n\n\n<div class=\"wp-block-columns is-layout-flex wp-container-core-columns-is-layout-9d6595d7 wp-block-columns-is-layout-flex\">\n<div class=\"wp-block-column is-layout-flow wp-block-column-is-layout-flow\">\n<h2 class=\"wp-block-heading has-text-color has-link-color wp-elements-f6e9ea2bb74f6847bf31bfa22c43f394\" style=\"color:#ffffff\">Fundierte Medizin f\u00fcr Ihre Gesundheit<\/h2>\n\n\n\n<h3 class=\"wp-block-heading has-nv-site-bg-color has-text-color has-link-color wp-elements-9d68de3a4d99f71c25e2f4af3cc5e17a\"><\/h3>\n\n\n\n<p class=\"has-nv-site-bg-color has-text-color has-link-color wp-elements-be573b1c91df8c4714c694d36937cc8b\">Meine Behandlungsmethoden basieren auf einem ganzheitlichen medizinischen Ansatz, der moderne wissenschaftliche Erkenntnisse mit bew\u00e4hrten naturheilkundlichen Verfahren verbindet. Ich lege gro\u00dfen Wert auf evidenzbasierte Medizin und bilde mich kontinuierlich fort, unter anderem als Mitglied der Deutschen \u00c4rztegesellschaft f\u00fcr Akupunktur (D\u00c4GfA).<\/p>\n<\/div>\n\n\n\n<div class=\"wp-block-column is-layout-flow wp-block-column-is-layout-flow\"><div class=\"wp-block-image\">\n<figure class=\"alignright size-large is-resized has-custom-border\"><img loading=\"lazy\" decoding=\"async\" width=\"1024\" height=\"681\" src=\"https:\/\/doktor-bonk.de\/wp-content\/uploads\/2025\/03\/doctor-3822863_1920-1024x681.jpg\" alt=\"\" class=\"wp-image-143\" style=\"border-radius:16px;width:445px;height:auto\" srcset=\"https:\/\/doktor-bonk.de\/wp-content\/uploads\/2025\/03\/doctor-3822863_1920-1024x681.jpg 1024w, https:\/\/doktor-bonk.de\/wp-content\/uploads\/2025\/03\/doctor-3822863_1920-300x199.jpg 300w, https:\/\/doktor-bonk.de\/wp-content\/uploads\/2025\/03\/doctor-3822863_1920-768x510.jpg 768w, https:\/\/doktor-bonk.de\/wp-content\/uploads\/2025\/03\/doctor-3822863_1920-1536x1021.jpg 1536w, https:\/\/doktor-bonk.de\/wp-content\/uploads\/2025\/03\/doctor-3822863_1920.jpg 1920w\" sizes=\"auto, (max-width: 1024px) 100vw, 1024px\" \/><\/figure>\n<\/div><\/div>\n<\/div>\n\n\n\n<div style=\"height:30px\" aria-hidden=\"true\" class=\"wp-block-spacer\"><\/div>\n\n\n\n<h3 class=\"wp-block-heading has-nv-site-bg-color has-text-color has-link-color wp-elements-4a30317fc3ee8ecf842d23c066a95dff\">Bioidentische Hormontherapie<\/h3>\n\n\n\n<h4 class=\"wp-block-heading has-nv-site-bg-color has-text-color has-link-color wp-elements-c512c6fc209718e1e3c4ddd2fb28cff9\">Nat\u00fcrlich und wissenschaftlich fundiert<\/h4>\n\n\n\n<p class=\"has-nv-site-bg-color has-text-color has-link-color wp-elements-b35c3143fee0dbf10455056cb36364b0\">Die bioidentische Hormontherapie setzt auf Hormone, die in ihrer chemischen Struktur identisch mit den k\u00f6rpereigenen Hormonen sind. Studien zeigen, dass bioidentische Hormone besser vertr\u00e4glich sind und ein geringeres Nebenwirkungsrisiko aufweisen als synthetische Hormonpr\u00e4parate. Besonders bei Beschwerden wie PMS, Wechseljahresbeschwerden oder hormonell bedingter Ersch\u00f6pfung kann eine gezielte Hormonregulation zu einer deutlichen Verbesserung der Lebensqualit\u00e4t f\u00fchren.<\/p>\n\n\n\n<h4 class=\"wp-block-heading has-nv-site-bg-color has-text-color has-link-color wp-elements-1b41ecf6dbcbe46df2272d0609a00933\">Studien &amp; Literatur:<\/h4>\n\n\n\n<p class=\"has-nv-site-bg-color has-text-color has-link-color has-small-font-size wp-elements-24403e0ff644ea9275f6b7b3e7bebfe9\">Holtorf K. (Progesterone: The Critical Hormone That Protects Against Chronic Disease). Int J Pharm Compd, 2009.<\/p>\n\n\n\n<p class=\"has-nv-site-bg-color has-text-color has-link-color has-small-font-size wp-elements-e53d5d4210eeebe66a3d959c5c43ee79\">Fournier A et al. (Use of different postmenopausal hormone therapies and risk of histology- and hormone receptor-defined invasive breast cancer). J Clin Oncol, 2008.<\/p>\n\n\n\n<p class=\"has-nv-site-bg-color has-text-color has-link-color has-small-font-size wp-elements-6014f56775e85982a34f53fb0f4ba5c6\">Weiterf\u00fchrende Informationen finden Sie in den B\u00fcchern von Dr. Annelie F. Scheuernstuhl, insbesondere \u201eNat\u00fcrliche Hormontherapie\u201c und \u201eKrank ohne Grund?\u201c.<\/p>\n\n\n\n<div style=\"height:59px\" aria-hidden=\"true\" class=\"wp-block-spacer\"><\/div>\n\n\n\n<h3 class=\"wp-block-heading has-nv-site-bg-color has-text-color has-link-color wp-elements-87e0c65d13baad140d402f30146bed43\">Akupunktur &amp; Traditionelle Chinesische Medizin (TCM)<\/h3>\n\n\n\n<h4 class=\"wp-block-heading has-nv-site-bg-color has-text-color has-link-color wp-elements-9527ab4702fddbfd9fa508002cca0da5\">Wissenschaft trifft Jahrtausende alte Heilkunde<\/h4>\n\n\n\n<p class=\"has-nv-site-bg-color has-text-color has-link-color wp-elements-ce1af7d5e3d0b9c4e6d598bfce64f70f\">Die Wirkung der Akupunktur ist durch zahlreiche Studien belegt. Besonders in der Schmerztherapie, bei hormonellen Beschwerden und Schlafst\u00f6rungen zeigt Akupunktur eine gute Wirksamkeit.<\/p>\n\n\n\n<h4 class=\"wp-block-heading has-nv-site-bg-color has-text-color has-link-color wp-elements-1b41ecf6dbcbe46df2272d0609a00933\">Studien &amp; Literatur:<\/h4>\n\n\n\n<p class=\"has-nv-site-bg-color has-text-color has-link-color has-small-font-size wp-elements-222e2626f6754ab576e5145ec39b09bb\">Vickers AJ et al. (Acupuncture for chronic pain: Update of an individual patient data meta-analysis). J Pain, 2018.<\/p>\n\n\n\n<p class=\"has-nv-site-bg-color has-text-color has-link-color has-small-font-size wp-elements-819cddc032672d226544095aaddcae9e\">Chae Y et al. (Effect of acupuncture on hypothalamic-pituitary-adrenal system in the rat). Neurosci Lett, 2006.<\/p>\n\n\n\n<p class=\"has-nv-site-bg-color has-text-color has-link-color wp-elements-3b652d2f991bff436cd55b1557af8457\">Vertiefende Informationen zur TCM finden Sie in den B\u00fcchern von Dr. Georg Weidinger, insbesondere &#8222;Die Heilung der Mitte&#8220;.<\/p>\n\n\n\n<div style=\"height:59px\" aria-hidden=\"true\" class=\"wp-block-spacer\"><\/div>\n\n\n\n<h3 class=\"wp-block-heading has-nv-site-bg-color has-text-color has-link-color wp-elements-8147fa2e01bb32d61953e171cdc1c9a1\">Ganzheitliche Medizin<\/h3>\n\n\n\n<h4 class=\"wp-block-heading has-nv-site-bg-color has-text-color has-link-color wp-elements-67da86c249ed2c351c6c2d4b9d7d026c\">Mehr als die Summe der Einzelteile<\/h4>\n\n\n\n<p class=\"has-nv-site-bg-color has-text-color has-link-color wp-elements-56acb84eeb124a389c44b9f01ab23cab\">Neben spezifischen Therapieans\u00e4tzen spielen Ern\u00e4hrung, Stressmanagement und individuelle Lebensf\u00fchrung eine entscheidende Rolle f\u00fcr die langfristige Gesundheit. Besonders die Verbindung von funktioneller Medizin mit Ans\u00e4tzen der Naturheilkunde erm\u00f6glicht eine nachhaltige Verbesserung der Vitalit\u00e4t.<\/p>\n<\/div>\n<\/div>\n","protected":false},"excerpt":{"rendered":"<p>Fundierte Medizin f\u00fcr Ihre Gesundheit Meine Behandlungsmethoden basieren auf einem ganzheitlichen medizinischen Ansatz, der moderne wissenschaftliche Erkenntnisse mit bew\u00e4hrten naturheilkundlichen Verfahren verbindet. Ich lege gro\u00dfen Wert auf evidenzbasierte Medizin und bilde mich kontinuierlich fort, unter anderem als Mitglied der Deutschen \u00c4rztegesellschaft f\u00fcr Akupunktur (D\u00c4GfA). Bioidentische Hormontherapie Nat\u00fcrlich und wissenschaftlich fundiert Die bioidentische Hormontherapie setzt auf&hellip;&nbsp;<a href=\"https:\/\/doktor-bonk.de\/index.php\/wissenschaftliche-grundlagen\/\" rel=\"bookmark\">Weiterlesen &raquo;<span class=\"screen-reader-text\">Wissenschaftliche Grundlagen<\/span><\/a><\/p>\n","protected":false},"author":2,"featured_media":0,"parent":0,"menu_order":0,"comment_status":"closed","ping_status":"closed","template":"","meta":{"neve_meta_sidebar":"","neve_meta_container":"","neve_meta_enable_content_width":"","neve_meta_content_width":0,"neve_meta_title_alignment":"","neve_meta_author_avatar":"","neve_post_elements_order":"","neve_meta_disable_header":"","neve_meta_disable_footer":"","neve_meta_disable_title":"","footnotes":""},"class_list":["post-356","page","type-page","status-publish","hentry"],"_links":{"self":[{"href":"https:\/\/doktor-bonk.de\/index.php\/wp-json\/wp\/v2\/pages\/356","targetHints":{"allow":["GET"]}}],"collection":[{"href":"https:\/\/doktor-bonk.de\/index.php\/wp-json\/wp\/v2\/pages"}],"about":[{"href":"https:\/\/doktor-bonk.de\/index.php\/wp-json\/wp\/v2\/types\/page"}],"author":[{"embeddable":true,"href":"https:\/\/doktor-bonk.de\/index.php\/wp-json\/wp\/v2\/users\/2"}],"replies":[{"embeddable":true,"href":"https:\/\/doktor-bonk.de\/index.php\/wp-json\/wp\/v2\/comments?post=356"}],"version-history":[{"count":2,"href":"https:\/\/doktor-bonk.de\/index.php\/wp-json\/wp\/v2\/pages\/356\/revisions"}],"predecessor-version":[{"id":358,"href":"https:\/\/doktor-bonk.de\/index.php\/wp-json\/wp\/v2\/pages\/356\/revisions\/358"}],"wp:attachment":[{"href":"https:\/\/doktor-bonk.de\/index.php\/wp-json\/wp\/v2\/media?parent=356"}],"curies":[{"name":"wp","href":"https:\/\/api.w.org\/{rel}","templated":true}]}}